{"id":1066,"date":"2015-12-03T10:28:20","date_gmt":"2015-12-03T10:28:20","guid":{"rendered":"http:\/\/hgf-eda.de\/?page_id=1066"},"modified":"2018-07-24T11:50:05","modified_gmt":"2018-07-24T11:50:05","slug":"publications-2","status":"publish","type":"page","link":"https:\/\/hgf-eda.de\/?page_id=1066","title":{"rendered":"2016"},"content":{"rendered":"<h3><a href=\"http:\/\/hgf-eda.de\/?page_id=2580\">2018 <\/a><\/strong>| <strong><a href=\"http:\/\/hgf-eda.de\/?page_id=1437\">2017 <\/a><\/strong>| <strong>2016<\/strong> <strong>| <a href=\"http:\/\/hgf-eda.de\/?page_id=497\">2015 <\/a><\/strong><strong>| <a href=\"http:\/\/hgf-eda.de\/?page_id=1035\">2014<\/a> <\/strong><strong>| <a href=\"http:\/\/hgf-eda.de\/?page_id=1037\">2013 &#8211; 2012<\/strong><\/a><\/h3>\n<p><span style=\"text-decoration: underline;\">Biosphere<\/span><\/p>\n<p>S. Abdullahi, F. Kugler, H. Pretzsch: Prediction of stem volume in complex temperate forest stands using TanDEM-X SAR data. Remote Sensing of Environment, 174, 197\u2013211, 2016, <a href=\"http:\/\/doi.org\/10.1016\/j.rse.2015.12.012\">doi:10.1016\/j.rse.2015.12.012<\/a><\/p>\n<p>A.Tora\u00f1o Caicoya: Allometric Estimation of Aboveground Forest Biomass using Forest Structure Parameters estimated by means of Multi-Baseline SAR Measurements. Dissertation, Technische Universit\u00e4t M\u00fcnchen, 2016, <a href=\"http:\/\/d-nb.info\/1103135244\">URN: urn:nbn:de:bvb:91-diss-20160429-1284783-1-5<\/a><\/p>\n<p>A. Tora\u00f1o Caicoya, F. Kugler, I. Hajnsek, and K. Papathanassiou: Large Scale Biomass Classification in Boreal Forests with TanDEM-X Data. IEEE Transaction on Geoscience and Remote Sensing, 2016 <a href=\"http:\/\/doi.org\/10.1109\/TGRS.2016.2575542\">doi:10.1109\/TGRS.2016.2575542<\/a><\/p>\n<p>R. Fischer, F. Bohn, M. Dantas de Paula, C. Dislich, J. Groeneveld, A. G. Guti\u00e9rrez, M. Kazmierczak, N. Knapp, S. Lehmann, S. Paulick, S. P\u00fctz, E. R\u00f6dig, F. Taubert, P. K\u00f6hler, A. Huth: Lessons learned from applying a forest gap model to understand ecosystem and carbon dynamics of complex tropical forests. Ecological Modelling, 2016, <a href=\"http:\/\/doi.org\/10.1016\/j.ecolmodel.2015.11.018\">doi:10.1016\/j.ecolmodel.2015.11.018<\/a><\/p>\n<p>F. May, T. Wiegand, S. Lehmann, A. Huth: Do abundance distributions and species aggregation correctly predict macroecological biodiversity patterns in tropical forests? Global Ecology and Biogeography, 2016, <a href=\"http:\/\/doi.org\/10.1111\/geb.12438\">doi:10.1111\/geb.12438<\/a><\/p>\n<p>M. Pichierri, I. Hajnsek, K.P. Papathanassiou: A Multibaseline Pol-InSAR Inversion Scheme for Crop Parameter Estimation at Different Frequencies.\u00a0 IEEE Transactions on Geoscience and Remote Sensing, 54(8), 2016,\u00a0 <a href=\"http:\/\/doi.org\/10.1109\/TGRS.2016.2553739\">doi:10.1109\/TGRS.2016.2553739<\/a><\/p>\n<p>B. Sakschewski, W. von Bloh, A. Boit, L. Poorter, M. Pe\u00f1a-Claros, J. Heinke, J. Joshi, K. Thonicke: Resilience of Amazon forests emerges from plant trait diversity. Nature Climate Change, 2016, <a href=\"http:\/\/doi.org\/10.1038\/nclimate3109\">doi:10.1038\/nclimate3109<\/a><\/p>\n<p>C. Thiel, C. Schmullius: Comparison of UAV photograph-based and airborne lidar-based point clouds over forest from a forestry application perspective. Int. J. of Remote Sensing, 2016, <a href=\"http:\/\/doi.org\/10.1080\/01431161.2016.1225181\">doi:10.1080\/01431161.2016.1225181<\/a><\/p>\n<p>O. Yuzugullu, E. Erten, and I. Hajnsek: Estimation of Rice Crop Height from X- and C-Band PolSAR by Metamodel based Optimization. IEEE Journal of Selected Topics in Applied Earth Observations and Remote Sensing, 2016, <a href=\"http:\/\/doi.org\/10.1109\/JSTARS.2016.2575362\">doi:10.1109\/JSTARS.2016.2575362<\/a><\/p>\n<p><span style=\"text-decoration: underline;\">Geosphere<\/span><\/p>\n<p>H. Ansari, F. De Zan, A. Parizzi, M. Eineder, K. Goel, N. Adam: Measuring 3D Surface Motion with Future SAR Systems based on Reflector Antennas. IEEE Geoscience and remote Sensing Letters, 13(2), 272-276, 2016, <a href=\"http:\/\/doi.org\/10.1109\/LGRS.2015.2509440\">doi: 10.1109\/LGRS.2015.2509440 <\/a><\/p>\n<p>V. Conde, S. Bredemeyer, J.A. Saballos et al.: Linking SO2 emission rates and seismicity by continuous wavelet transform: implications for volcanic surveillance at San Crist\u00f3bal volcano, Nicaragua. Int J Earth Sci, 105: 1453, 2016, <a href=\"http:\/\/doi.org\/10.1007\/s00531-015-1264-1\">doi:10.1007\/s00531-015-1264-1<\/a><\/p>\n<p>E. de Zeeuw-van Dalfsen, N. Richter, G. Gonz\u00e1lezb, T.R. Walter: Geomorphology and structural development of the nested summit crater of L\u00e1scar Volcano studied with Terrestrial Laser Scanner data and analogue modelling. Journal of Volcanology and Geothermal Research, 2016, <a href=\"http:\/\/doi.org\/10.1016\/j.jvolgeores.2016.09.018\">doi:10.1016\/j.jvolgeores.2016.09.018<\/a><\/p>\n<p>F. Diao, T. R. Walter, G. Solaro, R. Wang, M. Bonano, M. Manzo, S. Ergintav, Y. Zheng, X. Xiong, R. Lanari: Fault locking near Istanbul: indication of earthquake potential from InSAR and GPS observations. Geophysical Journal International, 205(1), 490-498, 2016, <a href=\"http:\/\/doi.org\/10.1093\/gji\/ggw048\">doi: 10.1093\/gji\/ggw048<\/a><\/p>\n<p>F. Diao, T. R. Walter, F. Minati, R. Wang, M. Costantini, S. Ergintav, X. Xiong, P. Prats-Iraola: Secondary Fault Activity of the North Anatolian Fault near Avcilar, Southwest of Istanbul: Evidence from SAR Interferometry Observations. Remote Sens., 8(10), 2016, <a href=\"http:\/\/doi.org\/10.3390\/rs8100846\">doi:10.3390\/rs8100846<\/a><\/p>\n<p>G. Gomba, F.R. Gonzalez, F. De Zan: Ionospheric Phase Screen Compensation for the Sentinel-1 TOPS and ALOS-2 ScanSAR Modes. IEEE Transactions on Geoscience and Remote Sensing, 2016, <a href=\"http:\/\/doi.org\/10.1109\/TGRS.2016.2604461\">doi:10.1109\/TGRS.2016.2604461<\/a><\/p>\n<p>M. T. Gudmundsson, K. J\u00f3nsd\u00f3ttir, A. Hooper, E. P. Holohan, S. A. Halld\u00f3rsson, B. G. \u00d3feigsson, S. Cesca, K. S. Vogfj\u00f6rd, F. Sigmundsson, T. H\u00f6gnad\u00f3ttir, P. Einarsson, O. Sigmarsson, A. H. Jarosch, K. J\u00f3nasson, E. Magn\u00fasson, S. Hreinsd\u00f3ttir, M. Bagnardi, M. M. Parks, V. Hj\u00f6rleifsd\u00f3ttir, F. P\u00e1lsson, T. R. Walter, M. P. J. Sch\u00f6pfer, S. Heimann, H. I. Reynolds, S. Dumont, E. Bali, G. H. Gudfinnsson, T. Dahm, M. J. Roberts, M. Hensch, J. M. C. Belart, K. Spaans, S. Jakobsson, G. B. Gudmundsson, H. M. Fridriksd\u00f3ttir, V. Drouin, T. D\u00fcrig, G. A\u00f0algeirsd\u00f3ttir, M. S. Riishuus, G. B. M. Pedersen, T. van Boeckel, B. Oddsson, M. A. Pfeffer, S. Barsotti, B. Bergsson, A. Donovan, M. R. Burton, A. Aiuppa: Gradual caldera collapse at B\u00e1rdarbunga volcano, Iceland, regulated by lateral magma outflow. Science, 353(6296), 2016, <a href=\"http:\/\/doi.org\/10.1126\/science.aaf8988\">doi: 10.1126\/science.aaf8988<\/a><\/p>\n<p>M. Haghshenas Haghighi and M. Motagh: Assessment of ground surface displacement in Taihape landslide, New Zealand, with C- and X-band SAR interferometry. New Zealand Journal of Geology and Geophysics, 59(1), 2016, <a href=\"http:\/\/doi.org\/10.1080\/00288306.2015.1127824\">doi:10.1080\/00288306.2015.1127824<\/a><\/p>\n<p>S. K\u00fcbler, S. Rucina, S.R. Reynolds, P. Owenga, G. Bailey, G.C.P. King: Edaphic and Topographic Constraints on Exploitation of the Central Kenya Rift by Large Mammals and Early Hominins. Open Quaternary, Open Quaternary, 2(5), 2016, <a href=\"http:\/\/doi.org\/10.5334\/oq.21\">doi:10.5334\/oq.21<\/a><\/p>\n<p>D. Minkwitz, K. G. van den Boogaart, T. Gerzen, M. Hoque, M. Hern\u00e1ndez-Pajares: Ionospheric tomography by gradient-enhanced kriging with STEC measurements and ionosonde characteristics. Ann. Geophys., 34(11), 2016, <a href=\"http:\/\/doi.org\/10.5194\/angeo-34-999-2016\">doi: 10.5194\/angeo-34-999-2016<\/a><\/p>\n<p>N. Richter, M. Favalli, E. de Zeeuw-van Dalfsen, A. Fornaciai, R. M. da Silva Fernandes, N. Perez Rodriguez, J. Levy, S. Silva Vict\u00f3ria and T. R. Walter: Lava flow hazard at Fogo Volcano, Cape Verde, before and after the 2014-2015 eruption. Nat. Hazards Earth Syst. Sci., 2016, <a href=\"http:\/\/doi.org\/10.5194\/nhess-2016-81\">doi:10.5194\/nhess-2016-81<\/a><br \/>\nSupplementary datasets: <a href=\"http:\/\/doi.org\/10.5880\/GFZ.2.1.2016.001\" target=\"_blank\">doi:10.5880\/GFZ.2.1.2016.001<\/a>.<\/p>\n<p>F.-G. Ulmer, U. Balss: Spin-up Time Research on the Weather Research and Forecasting Model for Atmospheric Delay Mitigations of Electromagnetic Waves. J. Appl. Remote Sens. 10(1), 2016, <a href=\"http:\/\/doi.org\/10.1117\/1.JRS.10.016027J\">doi:10.1117\/1.JRS.10.016027J<\/a><\/p>\n<p>F.-G. Ulmer: On the accuracy gain of electromagnetic wave delay predictions derived by the digital filter initialization technique. Journal of Applied Remote Sensing, 10(1), 2016, <a href=\"http:\/\/doi.org\/10.1117\/1.JRS.10.016007\">doi:10.1117\/1.JRS.10.016007<\/a><\/p>\n<p><span style=\"text-decoration: underline;\">Hydrosphere<\/span><\/p>\n<p>I. Heine, T. Jagdhuber and S. Itzerott: Classification and Monitoring of Reed Belts Using Dual-Polarimetric TerraSAR-X Time Series. Remote Sens, 8(7), 552, 2016, <a href=\"http:\/\/doi.org\/10.3390\/rs8070552\"> doi:10.3390\/rs8070552<\/a><\/p>\n<p>E. Martini, U. Werban, S. Zacharias, M. Pohle, P. Dietrich, and U. Wollschl\u00e4ger: Repeated electromagnetic induction measurements for mapping soil moisture at the field scale: validation with data from a wireless soil moisture monitoring network. Hydrol. Earth Syst. Sci. Discuss., 2016, <a href=\"http:\/\/doi.org\/10.5194\/hess-2016-93\">doi:10.5194\/hess-2016-93<\/a><\/p>\n<p>C. Montzka, C. M. Mboh, and K. R\u00f6tzer: SMASPARES\u2013SMOS Data Assimilation for Parameter Estimation in Radiative Transfer Models. In: Fern\u00e1ndez-Prieto, D. and R. Sabia (Eds.): Remote Sensing Advances for Earth System Science &#8211; The ESA Changing Earth Science, Springer Earth System Sciences, 89-105, 2016, <a href=\"http:\/\/doi.org\/10.1007\/978-3-319-16952-1_6\">doi:10.1007\/978-3-319-16952-1_6<\/a><\/p>\n<p>C. Montzka, T. Jagdhuber, R. Horn, H. R. Bogena, I. Hajnsek, A. Reigber, and H. Vereecken: Investigation of SMAP fusion algorithms with airborne active and passive L-band microwave remote sensing. IEEE Transactions on Geoscience and Remote Sensing, 54(7), 3878 &#8211; 3889, 2016, <a href=\"http:\/\/doi.org\/10.1109\/TGRS.2016.2529659\">doi:10.1109\/TGRS.2016.2529659<\/a><\/p>\n<p>O. Rakovec, R. Kumar, S. Attinger, L. Samaniego: Improving the realism of hydrologic model functioning through multivariate parameter estimation. Water Resources Research, 2016, <a href=\"http:\/\/doi.org\/10.1002\/2016WR019430\">doi:10.1002\/2016WR019430<\/a><\/p>\n<p>M. Zink: Soil Moisture Droughts in Germany: Retrospective Analysis, Parametric Uncertainty, and Monitoring. Dissertation Friedrich-Schiller-Universit\u00e4t Jena, 2016, <a href=\"http:\/\/www.dr.hut-verlag.de\/9783843928878.html\">ISBN 9783843928878<\/a><\/p>\n<p>M. Zink, R. Kumar, M. Cuntz, L. Samaniego: A High-Resolution Dataset of Water Fluxes and States for Germany Accounting for Parametric Uncertainty. Hydrol. Earth Syst. Sci. Discuss., 2016, <a href=\"http:\/\/doi.org\/10.5194\/hess-2016-443\">doi:10.5194\/hess-2016-443<\/a><\/p>\n<p>M. Zink, L. Samaniego, R. Kumar, S. Thober, J. Mai, D. Sch\u00e4fer, and A. Marx: The German Drought Monitor. Environmental Research Letters, 11(7 ), 2016, <a href=\"http:\/\/doi.org\/10.1088\/1748-9326\/11\/7\/074002\">doi:10.1088\/1748-9326\/11\/7\/074002<\/a><\/p>\n<p>S. Zwieback, and I. Hajnsek: Influence of Vegetation Growth on the Polarimetric Zero-Baseline DInSAR Phase Diversity\u2014Implications for Deformation Studies. IEEE Transactions on Geoscience and Remote Sensing, 54(5), 2016, <a href=\"http:\/\/doi.org\/10.1109\/TGRS.2015.2511118\">doi:10.1109\/TGRS.2015.2511118<\/a><\/p>\n<p><span style=\"text-decoration: underline;\">Cryosphere<\/span><\/p>\n<p>W. Abdel Jaber: Derivation of mass balance and surface velocity of glaciers by means of high resolution synthetic aperture radar: application to the Patagonian Icefields and Antarctica. Dissertation, TU M\u00fcnchen, 2016, <a href=\"http:\/\/elib.dlr.de\/109075\/1\/Thesis_AbdelJaber_final.pdf\">DLR-Forschungsbericht:2016-54<\/a><\/p>\n<p>S. Antonova, A. K\u00e4\u00e4b, B. Heim, M. Langer, J. Boike: Spatio-temporal variability of X-band radar backscatter and coherence over the Lena River Delta, Siberia. Remote Sensing of Environment, 182, 169-191, 2016, <a href=\"http:\/\/doi.org\/10.1016\/j.rse.2016.05.003\">doi:10.1016\/j.rse.2016.05.003<\/a><\/p>\n<p>S. Antonova, C.R. Duguay, A. K\u00e4\u00e4b, B. Heim, M. Langer, S. Westermann, J. Boike: Monitoring Bedfast Ice and Ice Phenology in Lakes of the Lena River Delta Using TerraSAR-X Backscatter and Coherence Time Series. Remote Sens., 8(11), 2016, <a href=\"http:\/\/doi.org\/10.3390\/rs8110903\">doi:10.3390\/rs8110903<\/a><\/p>\n<p>S. Arndt, S. Willmes, W. Dierking and M. Nicolaus: Timing and regional patterns of snowmelt on Antarctic sea ice from passive microwave satellite observations. Journal of Geophysical Research: Oceans, 2016, <a href=\"http:\/\/doi.org\/10.1002\/2015JC011504\">doi:10.1002\/2015JC011504<\/a><\/p>\n<p>J. H. Bondzio, H. Seroussi, M. Morlighem, T. Kleiner, M. R\u00fcckamp, A. Humbert, and E. Y. Larour: Modelling calving front dynamics using a level-set method application to Jakobshavn Isbr\u00e6, West Greenland. The Cryosphere, 10, 497\u2013510, 2016, <a href=\"http:\/\/doi.org\/10.5194\/tc-10-497-2016.pdf\">doi:10.5194\/tc-10-497-2016<\/a><\/p>\n<p>J. J. F\u00fcrst, G. Durand, F. Gillet-Chaulet, L. Tavard, M. Rankl, M. Braun, O. Gagliardini: The safety band of Antarctic ice shelves. Nature Climate Change, 2016, <a href=\"http:\/\/doi.org\/10.1038\/nclimate2912\">doi:10.1038\/nclimate2912<\/a><\/p>\n<p>L. Kaleschke, X. Tian-Kunze, N. Maa\u00df, A. Beitsch, A. Wernecke, M. Miernecki, G. M\u00fcller, B.H. Fock, A.M.U. Gierisch, K.H. Schl\u00fcnzen, T. Pohlmann, M. Dobrynin, S. Hendricks, J. Asseng, R. Gerdes, P. Jochmann, N. Reimer, J. Holfort, C. Melsheimer, G. Heygste, G. Spreen, S. Gerland, J. King, N. Skou, S. Schmidl S\u00f8bj\u00e6rg, C. Haas, F. Richter, T. Casal: SMOS sea ice product: Operational application and validation in the Barents Sea marginal ice zone. Remote Sensing of Environment, 180, 264\u2013273, 2016, <a href=\"http:\/\/doi.org\/10.1016\/j.rse.2016.03.009\">doi:10.1016\/j.rse.2016.03.009<\/a><\/p>\n<p>M. Rankl: Changes of glaciers in the Karakoram Region and of ice shelves on the Antarctic Peninsula &#8211; Results from a multi-mission satellite image analysis. <a href=\"https:\/\/opus4.kobv.de\/opus4-fau\/files\/7392\/MelanieRanklDissertation.pdf\">Dissertation<\/a>, Friedrich-Alexander Universit\u00e4t Erlangen-N\u00fcrnberg, 2016<\/p>\n<p>M. Rankl, and M. Braun: Glacier elevation and mass changes over the Central Karakoram Region inferred from TanDEM-X and SRTM\/X-SAR Digital Elevation Models. Annals of Glaciology, 57(71), 273-281, 2016, <a href=\"http:\/\/doi.org\/10.3189\/2016AoG71A024\">doi:10.3189\/2016AoG71A024<\/a><\/p>\n<p>T. Seehaus, S. Marinsek, P. Skvarca, J.M. van Wessem, C. H. Reijmer, L.J. Seco and M. Braun: Dynamic response of Sj\u00f6gren Inlet glaciers, Antarctic Peninsula, to ice shelf breakup derived from multi-mission remote sensing time series. Frontiers in Earth Science, 2016, <a href=\"http:\/\/doi.org\/10.3389\/feart.2016.00066\">doi:10.3389\/feart.2016.00066<\/a><\/p>\n<p><span lang=\"en-US\">S. Vey, A. G\u00fcntner, J. Wickert, T. Blume, H. Thoss, and M. Ramatschi: Monitoring Snow Depth by GNSS Reflectometry in Built-up Areas: A Case Study for Wettzell, Germany. IEEE J. Sel. Top. Appl. Earth Observations Remote Sensing, 1\u20138, 2016, <a href=\"http:\/\/doi.org\/10.1109\/jstars.2016.2516041\">doi:10.1109\/jstars.2016.2516041<\/a><br \/>\nSupplementary datasets: <a href=\"http:\/\/doi.org\/10.5880\/GFZ.1.1.2016.001\">doi:10.5880\/GFZ.1.1.2016.001<\/a><\/span><\/p>\n<p>S. Vijay, M. Braun: Elevation Change Rates of Glaciers in the Lahaul-Spiti (Western Himalaya, India) during 2000\u20132012 and 2012\u20132013. Remote Sens., 8(12), 2016, <a href=\"http:\/\/doi.org\/10.3390\/rs8121038\">doi:10.3390\/rs8121038<\/a><\/p>\n<p>S. Zwieback, X. Liu, S. Antonova, B. Heim, A. Bartsch, J. Boike, I. Hajnsek: A Statistical Test of Phase Closure to Detect Influences on DInSAR Deformation Estimates Besides Displacements and Decorrelation Noise: Two Case Studies in High-Latitude Regions. IEEE Transactions on Geoscience and Remote Sensing, 2016, <a href=\"http:\/\/doi.org\/10.1109\/TGRS.2016.2569435\">doi:10.1109\/TGRS.2016.2569435<\/a><\/p>\n<h3><a href=\"http:\/\/hgf-eda.de\/?page_id=2580\">2018 <\/a><\/strong>| <strong><a href=\"http:\/\/hgf-eda.de\/?page_id=1437\">2017 <\/a><\/strong>| <strong>2016<\/strong> <strong>| <a href=\"http:\/\/hgf-eda.de\/?page_id=497\">2015 <\/a>| <a href=\"http:\/\/hgf-eda.de\/?page_id=1035\">2014<\/a> | <a href=\"http:\/\/hgf-eda.de\/?page_id=1037\">2013 &#8211; 2012<\/a><\/h3>\n","protected":false},"excerpt":{"rendered":"<p>2018 | 2017 | 2016 | 2015 | 2014 | 2013 &#8211; 2012 Biosphere S. Abdullahi, F. Kugler, H. Pretzsch: Prediction of stem volume in complex temperate forest stands using TanDEM-X SAR data. Remote Sensing of Environment, 174, 197\u2013211, 2016, &hellip; <a href=\"https:\/\/hgf-eda.de\/?page_id=1066\">Continue reading <span class=\"meta-nav\">&rarr;<\/span><\/a><\/p>\n","protected":false},"author":2,"featured_media":0,"parent":1437,"menu_order":76,"comment_status":"closed","ping_status":"closed","template":"sidebar-page.php","meta":[],"_links":{"self":[{"href":"https:\/\/hgf-eda.de\/index.php?rest_route=\/wp\/v2\/pages\/1066"}],"collection":[{"href":"https:\/\/hgf-eda.de\/index.php?rest_route=\/wp\/v2\/pages"}],"about":[{"href":"https:\/\/hgf-eda.de\/index.php?rest_route=\/wp\/v2\/types\/page"}],"author":[{"embeddable":true,"href":"https:\/\/hgf-eda.de\/index.php?rest_route=\/wp\/v2\/users\/2"}],"replies":[{"embeddable":true,"href":"https:\/\/hgf-eda.de\/index.php?rest_route=%2Fwp%2Fv2%2Fcomments&post=1066"}],"version-history":[{"count":63,"href":"https:\/\/hgf-eda.de\/index.php?rest_route=\/wp\/v2\/pages\/1066\/revisions"}],"predecessor-version":[{"id":2972,"href":"https:\/\/hgf-eda.de\/index.php?rest_route=\/wp\/v2\/pages\/1066\/revisions\/2972"}],"up":[{"embeddable":true,"href":"https:\/\/hgf-eda.de\/index.php?rest_route=\/wp\/v2\/pages\/1437"}],"wp:attachment":[{"href":"https:\/\/hgf-eda.de\/index.php?rest_route=%2Fwp%2Fv2%2Fmedia&parent=1066"}],"curies":[{"name":"wp","href":"https:\/\/api.w.org\/{rel}","templated":true}]}}