{"id":2379,"date":"2017-07-26T12:56:20","date_gmt":"2017-07-26T12:56:20","guid":{"rendered":"http:\/\/hgf-eda.de\/?page_id=2379"},"modified":"2017-12-08T13:08:35","modified_gmt":"2017-12-08T13:08:35","slug":"geosphere-tectonic","status":"publish","type":"page","link":"https:\/\/hgf-eda.de\/?page_id=2379","title":{"rendered":"Geosphere > Tectonic"},"content":{"rendered":"<div id=\"pl-2379\"  class=\"panel-layout\" ><div id=\"pg-2379-0\"  class=\"panel-grid panel-no-style\" ><div id=\"pgc-2379-0-0\"  class=\"panel-grid-cell\" ><div id=\"panel-2379-0-0-0\" class=\"so-panel widget_sow-editor panel-first-child panel-last-child\" data-index=\"0\" ><div\n\t\t\t\n\t\t\tclass=\"so-widget-sow-editor so-widget-sow-editor-base\"\n\t\t\t\n\t\t>\n<div class=\"siteorigin-widget-tinymce textwidget\">\n\t<h4>Tectonic<\/h4>\n<\/div>\n<\/div><\/div><\/div><\/div><div id=\"pg-2379-1\"  class=\"panel-grid panel-no-style\" ><div id=\"pgc-2379-1-0\"  class=\"panel-grid-cell\" ><div id=\"panel-2379-1-0-0\" class=\"so-panel widget_sow-editor panel-first-child panel-last-child\" data-index=\"1\" ><div\n\t\t\t\n\t\t\tclass=\"so-widget-sow-editor so-widget-sow-editor-base\"\n\t\t\t\n\t\t>\n<div class=\"siteorigin-widget-tinymce textwidget\">\n\t<h1>Terrestrial laser scanner data covering the summit craters of L\u00e1scar Volcano, Chile<\/h1>\n<div style=\"text-align:justify;\">The datasets included in this data publication are: (1) the TLS combined point cloud (consisting of \u223c15 million data points), (2) a Digital Elevation Model (DEM) with 1 m pixel spacing which was generated from (1), and (3) a shaded relief of (2) in kmz format. These datasets are supplement to de Zeeuw-van Dalfsen et al. (2017), who used them to study structural and geomorphological features at the nested summit craters of L\u00e1scar Volcano, Chile. However, in the paper the data were used in a local reference frame while we here provide both the TLS point cloud and the DEM product in global coordinates (WGS 1984 UTM Zone 19 South).<\/div>\n<p>[show_more more=\"More\" less=\"Less\" color=\"#0066CC\"]<\/p>\n<div style=\"text-align:justify;\">Light detection and ranging (LiDAR) is a technique where a laser pulse is actively emitted from a LiDAR instrument and the echo that returns from a target object is recorded. The distances between the instrument and the target points are calculated from the round-trip travel time of the laser pulse (Fornaciai et al., 2010). A terrestrial laser scanner (TLS) uses this technique in a scanning mode where the laser beam is de\ufb02ected into different directions by an oscillating mirror while at the same time the scanner\u2019s head is rotating. We used a long-range RIEGL LMS-Z620 instrument with a \ufb01eld of view of up to 80\u00b0 by 360\u00b0 in the vertical and horizontal plane, respectively. The maximum repeatability of this instrument is 5 mm, but this value increases with increasing distance between the scanner and the target, when viewing geometries or the target re\ufb02ectivity are not optimal or when atmospheric conditions vary and are not ideal. From the acquired 3D point cloud topographic details can be retrieved over a maximum distance of 2 km. However, newer instruments can reach distances of 6 km or more.<\/div>\n<p>[\/show_more]<\/p>\n<\/div>\n<\/div><\/div><\/div><\/div><div id=\"pg-2379-2\"  class=\"panel-grid panel-no-style\" ><div id=\"pgc-2379-2-0\"  class=\"panel-grid-cell\" ><div id=\"panel-2379-2-0-0\" class=\"so-panel widget_sow-editor panel-first-child panel-last-child\" data-index=\"2\" ><div\n\t\t\t\n\t\t\tclass=\"so-widget-sow-editor so-widget-sow-editor-base\"\n\t\t\t\n\t\t>\n<div class=\"siteorigin-widget-tinymce textwidget\">\n\t<p><span style=\"text-decoration: underline\">Data Publication<\/span><\/p>\n<p style=text-align: justify;\">Richter, Nicole; Nikkhoo, Mehdi; de Zeeuw-van Dalfsen, Elske; Walter, Thomas. R. (2016): Terrestrial laser scanner data covering the summit craters of L\u00e1scar Volcano, Chile. GFZ Data Services. <a href=\"http:\/\/doi.org\/10.5880\/GFZ.2.1.2016.002\">doi:10.5880\/GFZ.2.1.2016.002<\/a>.<\/p>\n<p><span style=\"text-decoration: underline;\">Related Journal Article<\/span><\/p>\n<p style=\"text-align:justify;\">De Zeeuw-van Dalfsen, E., Richter, N., Gonz\u00e1lez, G., & Walter, T. R. (2017). Geomorphology and structural development of the nested summit crater of L\u00e1scar Volcano studied with Terrestrial Laser Scanner data and analogue modelling. Journal of Volcanology and Geothermal Research, 329, 1\u201312. <a href=\"http:\/\/doi.org\/10.1016\/j.jvolgeores.2016.09.018\"> doi:10.1016\/j.jvolgeores.2016.09.018<\/a>.<\/p>\n<\/div>\n<\/div><\/div><\/div><div id=\"pgc-2379-2-1\"  class=\"panel-grid-cell\" >\n\n<div id=\"panel-2379-2-1-0\" class=\"so-panel widget_sow-editor panel-first-child panel-last-child\" data-index=\"3\" ><div\n\t\t\t\n\t\t\tclass=\"so-widget-sow-editor so-widget-sow-editor-base\"\n\t\t\t\n\t\t>\n<div class=\"siteorigin-widget-tinymce textwidget\">\n\t\n\n\t\t\t\t<div id=\"map_ol3js_1\" class=\"map undefined\" data-map_name=\"undefined\" data-map=\"map_ol3js_1\" style=\"width:100%; max-width:100%; height:350px; display:block; overflow:hidden;border:thin solid grey;\" >\n\t\t\t\t  <div id=\"map_ol3js_1_popup\" class=\"ol-popup\" >\n\t\t\t\t\t<a href=\"#\" id=\"map_ol3js_1_popup-closer\" class=\"ol-popup-closer\"><\/a>\n\t\t\t\t\t<div id=\"map_ol3js_1_popup-content\" ><\/div>\n\t\t\t\t  <\/div>\n\t\t\t\t<\/div>\n\t\t\t\n\n\t\t\t\t<script type=\"text\/javascript\">\n\t\t\t\t\ttranslations['openlayer'] = \"open layer\";\n\t\t\t\t\ttranslations['openlayerAtStartup'] = \"open layer at startup\";\n\t\t\t\t\ttranslations['generateLink'] = \"link to this map with opened layers\";\n\t\t\t\t\ttranslations['shortDescription'] = \"short description\";\n\t\t\t\t\ttranslations['generatedShortCode'] = \"to get a text control link paste this code in your wordpress editor\";\n\t\t\t\t\ttranslations['closeLayer'] = \"close layer\";\n\t\t\t\t\ttranslations['cantGenerateLink'] = \"put this string in the existing map short code to control this map\";\n\t\t\t  <\/script>\n\n\n\t\t\t  <script type=\"text\/javascript\">\n\t\t\t  vectorM['map_ol3js_1'] = [];\n\t        \n        var raster = getTileLayer(\"osm\",\"NoKey\");\t\t\t\n\n\t\t\t  var map_ol3js_1 = new ol.Map({\n\t\t\t\tinteractions: ol.interaction.defaults.defaults({mouseWheelZoom:false}),\n\t\t\t\tlayers: [raster],\n\t\t\t\ttarget: \"map_ol3js_1\",\n\t\t\t\tview: new ol.View({\n\t\t\t\t  center: ol.proj.transform([-67.735,-23.365], \"EPSG:4326\", \"EPSG:3857\"),\n\t\t\t\t  zoom: 8\n\t\t\t\t})\n\t\t\t  });\n\t\t\t  osm_addMarkerLayer(map_ol3js_1,-67.73656,-23.3671,\"https:\/\/hgf-eda.de\/wp-content\/plugins\/osm\/icons\/wpttemp-red.png\",0,-24,\"<p><\/p>\") ; \naddControls2Map(map_ol3js_1,0,0,3,0,5,6,7,0,1);\nosm_addPopupClickhandler(map_ol3js_1,  \"map_ol3js_1\"); \nosm_addMouseHover(map_ol3js_1); <\/script>\n<\/div>\n<\/div><\/div><\/div><\/div><div id=\"pg-2379-3\"  class=\"panel-grid panel-no-style\" ><div id=\"pgc-2379-3-0\"  class=\"panel-grid-cell\" ><div id=\"panel-2379-3-0-0\" class=\"so-panel widget_sow-editor panel-first-child panel-last-child\" data-index=\"4\" ><div\n\t\t\t\n\t\t\tclass=\"so-widget-sow-editor so-widget-sow-editor-base\"\n\t\t\t\n\t\t>\n<div class=\"siteorigin-widget-tinymce textwidget\">\n\t<hr \/>\n<\/div>\n<\/div><\/div><\/div><\/div><div id=\"pg-2379-4\"  class=\"panel-grid panel-no-style\" ><div id=\"pgc-2379-4-0\"  class=\"panel-grid-cell\" ><div id=\"panel-2379-4-0-0\" class=\"so-panel widget_sow-editor panel-first-child panel-last-child\" data-index=\"5\" ><div\n\t\t\t\n\t\t\tclass=\"so-widget-sow-editor so-widget-sow-editor-base\"\n\t\t\t\n\t\t>\n<div class=\"siteorigin-widget-tinymce textwidget\">\n\t<h1>A post-2015 lava flow hazard map for Fogo Volcano<\/h1>\n<p style=\"text-align:justify;\">We provide an updated lava flow hazard map for Fogo Volcano, Cabo Verde that is valid after the 2014-2015 eruptive crises. The hazard map shows the probability of lava flow invasion within the Ch\u00e3 das Caldeiras and on the eastern flank of the volcano. This probability is defined as the likelihood that a future lava flow will inundate a specific point before the vent location is known. The hazard map is calculated on the basis of a 5 m resolution digital elevation model generated from contours on the base of photogrammetric data that was updated for the 2014-2015 lava flow using combined terrestrial laser scanner (TLS) and camera data. The lava flow hazard map in printable A0 poster format is available in two versions, an English-Kreolu version (blue) and an English-Portugese version (green). Please refer to Richter et al. (2016) for more information and scientific background, as well as for supplementary material in kml format.<\/p>\n<\/div>\n<\/div><\/div><\/div><\/div><div id=\"pg-2379-5\"  class=\"panel-grid panel-no-style\" ><div id=\"pgc-2379-5-0\"  class=\"panel-grid-cell\" ><div id=\"panel-2379-5-0-0\" class=\"so-panel widget_sow-editor panel-first-child panel-last-child\" data-index=\"6\" ><div\n\t\t\t\n\t\t\tclass=\"so-widget-sow-editor so-widget-sow-editor-base\"\n\t\t\t\n\t\t>\n<div class=\"siteorigin-widget-tinymce textwidget\">\n\t<p><span style=\"text-decoration: underline\">Data Publication<\/span><\/p>\n<p style=text-align: justify;\">Richter, Nicole; Favalli, Massimiliano; de Zeeuw-van Dalfsen, Elske; Fornaciai, Alessandro; da Silva Fernandes, Rui Manuel; P\u00e9rez, Nemesio M.; Levy, Judith; Silva Vict\u00f3ria, S\u00f3nia; Walter, Thomas R. (2016): A post-2015 lava flow hazard map for Fogo Volcano, Cabo Verde. GFZ Data Services. <a href=\"http:\/\/doi.org\/10.5880\/GFZ.2.1.2016.001\">doi:10.5880\/GFZ.2.1.2016.001<\/a>.<\/p>\n<p><span style=\"text-decoration: underline;\">Related Journal Article<\/span><\/p>\n<p style=\"text-align:justify;\">Richter, N., Favalli, M., de Zeeuw-van Dalfsen, E., Fornaciai, A., da Silva Fernandes, R. M., P\u00e9rez, N. M., \u2026 Walter, T. R. (2016). Lava flow hazard at Fogo Volcano, Cabo Verde, before and after the 2014\u20132015 eruption. Natural Hazards and Earth System Sciences, 16(8), 1925\u20131951 <a href=\"http:\/\/doi.org\/10.5194\/nhess-16-1925-2016\"> doi:10.5194\/nhess-16-1925-2016<\/a>.<\/p>\n<\/div>\n<\/div><\/div><\/div><div id=\"pgc-2379-5-1\"  class=\"panel-grid-cell\" >\n\n<div id=\"panel-2379-5-1-0\" class=\"so-panel widget_sow-editor panel-first-child panel-last-child\" data-index=\"7\" ><div\n\t\t\t\n\t\t\tclass=\"so-widget-sow-editor so-widget-sow-editor-base\"\n\t\t\t\n\t\t>\n<div class=\"siteorigin-widget-tinymce textwidget\">\n\t\n\n\t\t\t\t<div id=\"map_ol3js_2\" class=\"map undefined\" data-map_name=\"undefined\" data-map=\"map_ol3js_2\" style=\"width:100%; max-width:100%; height:350px; display:block; overflow:hidden;border:2px solid grey;\" >\n\t\t\t\t  <div id=\"map_ol3js_2_popup\" class=\"ol-popup\" >\n\t\t\t\t\t<a href=\"#\" id=\"map_ol3js_2_popup-closer\" class=\"ol-popup-closer\"><\/a>\n\t\t\t\t\t<div id=\"map_ol3js_2_popup-content\" ><\/div>\n\t\t\t\t  <\/div>\n\t\t\t\t<\/div>\n\t\t\t\n\n\t\t\t\t<script type=\"text\/javascript\">\n\t\t\t\t\ttranslations['openlayer'] = \"open layer\";\n\t\t\t\t\ttranslations['openlayerAtStartup'] = \"open layer at startup\";\n\t\t\t\t\ttranslations['generateLink'] = \"link to this map with opened layers\";\n\t\t\t\t\ttranslations['shortDescription'] = \"short description\";\n\t\t\t\t\ttranslations['generatedShortCode'] = \"to get a text control link paste this code in your wordpress editor\";\n\t\t\t\t\ttranslations['closeLayer'] = \"close layer\";\n\t\t\t\t\ttranslations['cantGenerateLink'] = \"put this string in the existing map short code to control this map\";\n\t\t\t  <\/script>\n\n\n\t\t\t  <script type=\"text\/javascript\">\n\t\t\t  vectorM['map_ol3js_2'] = [];\n\t        \n        var raster = getTileLayer(\"osm\",\"NoKey\");\t\t\t\n\n\t\t\t  var map_ol3js_2 = new ol.Map({\n\t\t\t\tinteractions: ol.interaction.defaults.defaults({mouseWheelZoom:false}),\n\t\t\t\tlayers: [raster],\n\t\t\t\ttarget: \"map_ol3js_2\",\n\t\t\t\tview: new ol.View({\n\t\t\t\t  center: ol.proj.transform([-24.387,14.928], \"EPSG:4326\", \"EPSG:3857\"),\n\t\t\t\t  zoom: 10\n\t\t\t\t})\n\t\t\t  });\n\t\t\t  addControls2Map(map_ol3js_2,0,0,3,0,5,6,7,0,1);\nosm_addPopupClickhandler(map_ol3js_2,  \"map_ol3js_2\"); \nosm_addMouseHover(map_ol3js_2); <\/script>\n<\/div>\n<\/div><\/div><\/div><\/div><\/div>","protected":false},"excerpt":{"rendered":"<p>Tectonic Terrestrial laser scanner data covering the summit craters of L\u00e1scar Volcano, Chile The datasets included in this data publication are: (1) the TLS combined point cloud (consisting of \u223c15 million data points), (2) a Digital Elevation Model (DEM) with &hellip; <a href=\"https:\/\/hgf-eda.de\/?page_id=2379\">Continue reading <span class=\"meta-nav\">&rarr;<\/span><\/a><\/p>\n","protected":false},"author":2,"featured_media":0,"parent":1669,"menu_order":8981,"comment_status":"closed","ping_status":"closed","template":"showcase.php","meta":[],"_links":{"self":[{"href":"https:\/\/hgf-eda.de\/index.php?rest_route=\/wp\/v2\/pages\/2379"}],"collection":[{"href":"https:\/\/hgf-eda.de\/index.php?rest_route=\/wp\/v2\/pages"}],"about":[{"href":"https:\/\/hgf-eda.de\/index.php?rest_route=\/wp\/v2\/types\/page"}],"author":[{"embeddable":true,"href":"https:\/\/hgf-eda.de\/index.php?rest_route=\/wp\/v2\/users\/2"}],"replies":[{"embeddable":true,"href":"https:\/\/hgf-eda.de\/index.php?rest_route=%2Fwp%2Fv2%2Fcomments&post=2379"}],"version-history":[{"count":20,"href":"https:\/\/hgf-eda.de\/index.php?rest_route=\/wp\/v2\/pages\/2379\/revisions"}],"predecessor-version":[{"id":2381,"href":"https:\/\/hgf-eda.de\/index.php?rest_route=\/wp\/v2\/pages\/2379\/revisions\/2381"}],"up":[{"embeddable":true,"href":"https:\/\/hgf-eda.de\/index.php?rest_route=\/wp\/v2\/pages\/1669"}],"wp:attachment":[{"href":"https:\/\/hgf-eda.de\/index.php?rest_route=%2Fwp%2Fv2%2Fmedia&parent=2379"}],"curies":[{"name":"wp","href":"https:\/\/api.w.org\/{rel}","templated":true}]}}