{"id":707,"date":"2015-02-12T09:22:06","date_gmt":"2015-02-12T09:22:06","guid":{"rendered":"http:\/\/hgf-eda.de\/?page_id=707"},"modified":"2015-05-11T08:01:29","modified_gmt":"2015-05-11T08:01:29","slug":"research-highlight-jan2015","status":"publish","type":"page","link":"https:\/\/hgf-eda.de\/?page_id=707","title":{"rendered":"Research Highlight Jan2015"},"content":{"rendered":"<h1>Satellite radar data reveal short-term pre-explosive displacements and a complex conduit system at Volc\u00e1n de Colima, Mexico<\/h1>\n<p><a href=\"http:\/\/www.frontiersin.org\/people\/u\/141235\">Jacqueline T. Salzer<\/a><sup>1<\/sup><sup>*<\/sup>, Mehdi Nikkhoo<sup>1<\/sup>, <a href=\"http:\/\/www.frontiersin.org\/people\/u\/137047\">Thomas R. Walter<\/a><sup>1<\/sup>, Henriette Sudhaus<sup>1,2<\/sup>, <a href=\"http:\/\/www.frontiersin.org\/people\/u\/167990\">Gabriel Reyes-D\u00e1vila<\/a><sup>3<\/sup>, <a href=\"http:\/\/www.frontiersin.org\/people\/u\/168078\">Mauricio Bret\u00f3n<\/a><sup>3<\/sup> and Ra\u00fal Ar\u00e1mbula<sup>3<\/sup><\/p>\n<p><sup>1<\/sup>Department 2: Physics of the Earth, GFZ German Research Centre for Geosciences, Potsdam, Germany<br \/>\n<sup>2<\/sup>Institute of Earth and Environmental Science, University of Potsdam, Potsdam, Germany<br \/>\n<sup>3<\/sup>Observatorio Vulcanologico de la Universidad de Colima, Colima, Mexico<\/p>\n<p style=\"text-align: justify;\">The geometry of the volcanic conduit is a main parameter controlling the dynamics and the style of volcanic eruptions and their precursors, but also one of the main unknowns. Pre-eruptive signals that originate in the upper conduit region include seismicity and deformation of different types and scales. However, the locality of the source of these signals and thus the conduit geometry often remain unconstrained at steep sloped and explosive volcanoes due to the sparse instrumental coverage in the summit region and difficult access. Here we infer the shallow conduit system geometry of Volc\u00e1n de Colima, Mexico, based on ground displacements detected in high resolution satellite radar data up to 7 h prior to an explosion in January 2013. We use Boundary Element Method modeling to reproduce the data synthetically and constrain the parameters of the deformation source, in combination with an analysis of photographs of the summit. We favor a two-source model, indicative of distinct regions of pressurization at very shallow levels. The horizontal location of the upper pressurization source coincides with that of post-explosive extrusion. The pattern and degree of deformation reverses again during the eruption; we therefore attribute the displacements to transient (elastic) pre-explosive pressurization of the conduit system. Our results highlight the geometrical complexity of shallow conduit systems at explosive volcanoes and its effect on the distribution of pre-eruptive deformation signals. An apparent absence of such signals at many explosive volcanoes may relate to its small temporal and spatial extent, partly controlled by upper conduit structures. Modern satellite radar instruments allow observations at high spatial and temporal resolution that may be the key for detecting and improving our understanding of the generation of precursors at explosive volcanoes.<\/p>\n<div id=\"attachment_721\" style=\"width: 924px\" class=\"wp-caption aligncenter\"><a href=\"http:\/\/hgf-eda.de\/wp-content\/uploads\/2015\/02\/ColimaVolcano.png\"><img aria-describedby=\"caption-attachment-721\" decoding=\"async\" loading=\"lazy\" class=\" wp-image-721\" alt=\"ColimaVolcano\" src=\"http:\/\/hgf-eda.de\/wp-content\/uploads\/2015\/02\/ColimaVolcano.png\" width=\"914\" height=\"381\" srcset=\"https:\/\/hgf-eda.de\/wp-content\/uploads\/2015\/02\/ColimaVolcano.png 914w, https:\/\/hgf-eda.de\/wp-content\/uploads\/2015\/02\/ColimaVolcano-300x125.png 300w, https:\/\/hgf-eda.de\/wp-content\/uploads\/2015\/02\/ColimaVolcano-500x208.png 500w\" sizes=\"(max-width: 914px) 100vw, 914px\" \/><\/a><p id=\"caption-attachment-721\" class=\"wp-caption-text\">Deformation at Colima volcano seen by InSAR just hours before the explosion.<\/p><\/div>\n<p style=\"text-align: justify;\">Front. Earth Sci., 27 June 2014 | doi: <a href=\"http:\/\/journal.frontiersin.org\/Journal\/10.3389\/feart.2014.00012\/full?utm_source=newsletter&amp;utm_medium=web&amp;utm_campaign=Earth_Science-w33-2014\">10.3389\/feart.2014.00012<\/a><\/p>\n<p style=\"text-align: justify;\">\n","protected":false},"excerpt":{"rendered":"<p>Satellite radar data reveal short-term pre-explosive displacements and a complex conduit system at Volc\u00e1n de Colima, Mexico Jacqueline T. Salzer1*, Mehdi Nikkhoo1, Thomas R. Walter1, Henriette Sudhaus1,2, Gabriel Reyes-D\u00e1vila3, Mauricio Bret\u00f3n3 and Ra\u00fal Ar\u00e1mbula3 1Department 2: Physics of the Earth, &hellip; <a href=\"https:\/\/hgf-eda.de\/?page_id=707\">Continue reading <span class=\"meta-nav\">&rarr;<\/span><\/a><\/p>\n","protected":false},"author":2,"featured_media":0,"parent":427,"menu_order":2215,"comment_status":"closed","ping_status":"closed","template":"sidebar-page.php","meta":[],"_links":{"self":[{"href":"https:\/\/hgf-eda.de\/index.php?rest_route=\/wp\/v2\/pages\/707"}],"collection":[{"href":"https:\/\/hgf-eda.de\/index.php?rest_route=\/wp\/v2\/pages"}],"about":[{"href":"https:\/\/hgf-eda.de\/index.php?rest_route=\/wp\/v2\/types\/page"}],"author":[{"embeddable":true,"href":"https:\/\/hgf-eda.de\/index.php?rest_route=\/wp\/v2\/users\/2"}],"replies":[{"embeddable":true,"href":"https:\/\/hgf-eda.de\/index.php?rest_route=%2Fwp%2Fv2%2Fcomments&post=707"}],"version-history":[{"count":10,"href":"https:\/\/hgf-eda.de\/index.php?rest_route=\/wp\/v2\/pages\/707\/revisions"}],"predecessor-version":[{"id":945,"href":"https:\/\/hgf-eda.de\/index.php?rest_route=\/wp\/v2\/pages\/707\/revisions\/945"}],"up":[{"embeddable":true,"href":"https:\/\/hgf-eda.de\/index.php?rest_route=\/wp\/v2\/pages\/427"}],"wp:attachment":[{"href":"https:\/\/hgf-eda.de\/index.php?rest_route=%2Fwp%2Fv2%2Fmedia&parent=707"}],"curies":[{"name":"wp","href":"https:\/\/api.w.org\/{rel}","templated":true}]}}